{"id":540,"date":"2020-09-24T14:24:57","date_gmt":"2020-09-24T14:24:57","guid":{"rendered":"http:\/\/www.c14898.sgvps.net\/~maramel8\/humanpaingenetics.org\/?page_id=540"},"modified":"2025-01-15T19:10:45","modified_gmt":"2025-01-15T19:10:45","slug":"clinical-studies","status":"publish","type":"page","link":"https:\/\/206-12-96-229.cloud.computecanada.ca\/?page_id=540","title":{"rendered":"Clinical Studies"},"content":{"rendered":"<p>[et_pb_section fb_built=&#8221;1&#8243; fullwidth=&#8221;on&#8221; admin_label=&#8221;Page Header&#8221; _builder_version=&#8221;4.16&#8243; background_image=&#8221;https:\/\/206-12-96-229.cloud.computecanada.ca\/wp-content\/uploads\/2020\/09\/DSC_2396-1-scaled.jpg&#8221; global_colors_info=&#8221;{}&#8221;][et_pb_fullwidth_header title=&#8221;Clinical Studies&#8221; admin_label=&#8221;Hero Section&#8221; _builder_version=&#8221;4.16&#8243; title_font=&#8221;Montserrat|on|||&#8221; title_text_align=&#8221;left&#8221; title_font_size=&#8221;60px&#8221; title_line_height=&#8221;1.4em&#8221; content_font_size=&#8221;22px&#8221; content_line_height=&#8221;1.8em&#8221; subhead_font=&#8221;||||&#8221; background_color=&#8221;rgba(255, 255, 255, 0)&#8221; use_background_color_gradient=&#8221;on&#8221; background_color_gradient_direction=&#8221;165deg&#8221; background_color_gradient_stops=&#8221;#006cc1 0%|rgba(89,120,219,0.41) 76%&#8221; background_color_gradient_start=&#8221;#006cc1&#8243; background_color_gradient_end=&#8221;rgba(89,120,219,0.41)&#8221; background_color_gradient_end_position=&#8221;76%&#8221; custom_button_one=&#8221;on&#8221; button_one_text_size=&#8221;16px&#8221; button_one_bg_color=&#8221;#6eba01&#8243; button_one_border_width=&#8221;2px&#8221; button_one_border_color=&#8221;#6eba01&#8243; button_one_border_radius=&#8221;0&#8243; button_one_letter_spacing=&#8221;2&#8243; button_one_font=&#8221;Montserrat|||on|&#8221; button_one_use_icon=&#8221;off&#8221; custom_button_two=&#8221;on&#8221; button_two_text_size=&#8221;16px&#8221; button_two_border_width=&#8221;2px&#8221; button_two_border_color=&#8221;#ffffff&#8221; button_two_border_radius=&#8221;0&#8243; button_two_letter_spacing=&#8221;2&#8243; button_two_font=&#8221;Montserrat|||on|&#8221; button_two_use_icon=&#8221;off&#8221; module_alignment=&#8221;left&#8221; custom_padding=&#8221;15px||55px|||&#8221; animation_style=&#8221;fade&#8221; button_one_text_color_hover=&#8221;#6eba01&#8243; button_two_text_color_hover=&#8221;#6eba01&#8243; button_one_border_color_hover=&#8221;#ffffff&#8221; button_two_border_color_hover=&#8221;#ffffff&#8221; button_one_border_radius_hover=&#8221;0&#8243; button_two_border_radius_hover=&#8221;0&#8243; button_one_letter_spacing_hover=&#8221;2&#8243; button_two_letter_spacing_hover=&#8221;2&#8243; button_one_bg_color_hover=&#8221;#ffffff&#8221; button_two_bg_color_hover=&#8221;#ffffff&#8221; global_colors_info=&#8221;{}&#8221; button_one_text_size__hover_enabled=&#8221;off&#8221; button_two_text_size__hover_enabled=&#8221;off&#8221; button_one_text_color__hover_enabled=&#8221;on&#8221; button_one_text_color__hover=&#8221;#6eba01&#8243; button_two_text_color__hover_enabled=&#8221;on&#8221; button_two_text_color__hover=&#8221;#6eba01&#8243; button_one_border_width__hover_enabled=&#8221;off&#8221; button_two_border_width__hover_enabled=&#8221;off&#8221; button_one_border_color__hover_enabled=&#8221;on&#8221; button_one_border_color__hover=&#8221;#ffffff&#8221; button_two_border_color__hover_enabled=&#8221;on&#8221; button_two_border_color__hover=&#8221;#ffffff&#8221; button_one_border_radius__hover_enabled=&#8221;on&#8221; button_one_border_radius__hover=&#8221;0&#8243; button_two_border_radius__hover_enabled=&#8221;on&#8221; button_two_border_radius__hover=&#8221;0&#8243; button_one_letter_spacing__hover_enabled=&#8221;on&#8221; button_one_letter_spacing__hover=&#8221;2&#8243; button_two_letter_spacing__hover_enabled=&#8221;on&#8221; button_two_letter_spacing__hover=&#8221;2&#8243; button_one_bg_color__hover_enabled=&#8221;on&#8221; button_one_bg_color__hover=&#8221;#ffffff&#8221; button_two_bg_color__hover_enabled=&#8221;on&#8221; button_two_bg_color__hover=&#8221;#ffffff&#8221;][\/et_pb_fullwidth_header][\/et_pb_section][et_pb_section fb_built=&#8221;1&#8243; _builder_version=&#8221;4.16&#8243; _module_preset=&#8221;default&#8221; custom_padding=&#8221;36px|||||&#8221; global_colors_info=&#8221;{}&#8221;][et_pb_row column_structure=&#8221;3_4,1_4&#8243; _builder_version=&#8221;4.25.1&#8243; _module_preset=&#8221;default&#8221; custom_margin=&#8221;|auto|-30px|auto||&#8221; custom_padding=&#8221;|||0px||&#8221; global_colors_info=&#8221;{}&#8221;][et_pb_column type=&#8221;3_4&#8243; _builder_version=&#8221;4.25.1&#8243; _module_preset=&#8221;default&#8221; global_colors_info=&#8221;{}&#8221;][et_pb_text _builder_version=&#8221;4.27.2&#8243; _module_preset=&#8221;default&#8221; width=&#8221;100%&#8221; custom_margin=&#8221;13px|53px|||false|false&#8221; custom_padding=&#8221;|0px|0px|0px||&#8221; animation_style=&#8221;zoom&#8221; global_colors_info=&#8221;{}&#8221;]<\/p>\n<h3>Are you ready to participate in one of our studies?<\/h3>\n<p>&nbsp;<\/p>\n<h3>If you are 18 years of age or older, <span style=\"text-decoration: underline;\"><em><a href=\"https:\/\/forms.office.com\/r\/kKqDCZ9zFW\" target=\"_blank\" rel=\"noopener\" title=\"Pain research contact form\">click here<\/a><\/em><a href=\"https:\/\/forms.office.com\/r\/kKqDCZ9zFW\" target=\"_blank\" rel=\"noopener\" title=\"Pain research contact form\">\u00a0<\/a><\/span>to access the contact form.<\/h3>\n<h3>Or scan the adjacent QR code on a phone or tablet.<\/h3>\n<h3><\/h3>\n<h3><\/h3>\n<h3><em>\u00cates-vous pr\u00eat \u00e0 participer \u00e0 l\u2019une de nos \u00e9tudes ? <\/em><\/h3>\n<h3><em>Si vous avez 18 ans et plus, veuillez cliquer <span style=\"text-decoration: underline;\"><a href=\"https:\/\/forms.office.com\/r\/npjRTGg9QA\" target=\"_blank\" rel=\"noopener\" title=\"Formulaire de contact pour la recherche sur la douleur\">ici<\/a><\/span> to acc\u00e9der au formulaire.<\/em><\/h3>\n<p>[\/et_pb_text][\/et_pb_column][et_pb_column type=&#8221;1_4&#8243; _builder_version=&#8221;4.25.1&#8243; _module_preset=&#8221;default&#8221; global_colors_info=&#8221;{}&#8221;][et_pb_image src=&#8221;https:\/\/206-12-96-229.cloud.computecanada.ca\/wp-content\/uploads\/2024\/06\/QRcode_orig_edit_220.png&#8221; title_text=&#8221;QRcode_orig_edit_220&#8243; _builder_version=&#8221;4.25.1&#8243; _module_preset=&#8221;default&#8221; custom_margin=&#8221;|||-21px|false|false&#8221; global_colors_info=&#8221;{}&#8221;][\/et_pb_image][\/et_pb_column][\/et_pb_row][et_pb_row _builder_version=&#8221;4.16&#8243; _module_preset=&#8221;default&#8221; global_colors_info=&#8221;{}&#8221;][et_pb_column type=&#8221;4_4&#8243; _builder_version=&#8221;4.16&#8243; _module_preset=&#8221;default&#8221; global_colors_info=&#8221;{}&#8221;][et_pb_text _builder_version=&#8221;4.25.1&#8243; _module_preset=&#8221;default&#8221; global_colors_info=&#8221;{}&#8221;]<\/p>\n<h3><span style=\"color: #3366ff;\">Our current studies:<\/span><\/h3>\n<p>[\/et_pb_text][et_pb_text _builder_version=&#8221;4.25.1&#8243; _module_preset=&#8221;default&#8221; text_text_color=&#8221;#013569&#8243; text_font_size=&#8221;22px&#8221; background_color=&#8221;#FFFFFF&#8221; global_colors_info=&#8221;{}&#8221;]<\/p>\n<h3><span style=\"color: #3366ff;\">Quebec Low Back Pain Core Study (QLBP Core) and Quebec Low Back Pain Biobank (QLBP Biobank)<\/span><\/h3>\n<p>[\/et_pb_text][et_pb_text _builder_version=&#8221;4.25.1&#8243; _module_preset=&#8221;default&#8221; text_orientation=&#8221;justified&#8221; global_colors_info=&#8221;{}&#8221;]<\/p>\n<p><span data-contrast=\"none\">Low back pain (LBP) is reported by approximately 20% of North Americans, the majority of whom experience both pain and physical impairment. Patients with chronic LBP have an increased utilization of medical services, and higher incidence of lost workdays and long-term disability, representing a significant burden to the healthcare system and the economy.<\/span><span data-ccp-props=\"{&quot;335551550&quot;:6,&quot;335551620&quot;:6}\">\u00a0<\/span><\/p>\n<p><span data-contrast=\"none\">To better understand why some people recover from acute episodes of pain and\/or respond to some treatments while other do not, we have established a province-wide online database for longitudinal studies of individuals with acute and chronic LBP (Core). The Core Database is not only a valuable research tool by itself but can also facilitate recruitment for a series of affiliated projects, including the QLBP Biobank, where biological samples are collected. The collection of biological samples (i.e. blood samples and saliva) from people suffering with LBP and from healthy controls will allow the investigation of genetic, epigenetic, and proteomic markers that are linked to LBP diagnosis, prognosis, and treatment.<\/span><span data-ccp-props=\"{&quot;335551550&quot;:6,&quot;335551620&quot;:6}\">\u00a0<\/span><\/p>\n<p><span data-contrast=\"none\" style=\"font-size: 14px;\">This study has been reviewed and approved by the Research Ethics and Compliance (IRB) committee of the Faculty of Medicine of McGill University (protocol number: NUMBER: A08-M23-18A).<\/span><span data-ccp-props=\"{}\" style=\"font-size: 14px;\">\u00a0<\/span><\/p>\n<p>[\/et_pb_text][\/et_pb_column][\/et_pb_row][et_pb_row _builder_version=&#8221;4.25.1&#8243; _module_preset=&#8221;default&#8221; global_colors_info=&#8221;{}&#8221;][et_pb_column type=&#8221;4_4&#8243; _builder_version=&#8221;4.25.1&#8243; _module_preset=&#8221;default&#8221; global_colors_info=&#8221;{}&#8221;][et_pb_text _builder_version=&#8221;4.25.1&#8243; _module_preset=&#8221;default&#8221; global_colors_info=&#8221;{}&#8221;]<\/p>\n<h3><span style=\"color: #3366ff;\">Post-operative chronic pain and problematic opioid use<\/span><\/h3>\n<p>[\/et_pb_text][et_pb_text _builder_version=&#8221;4.25.1&#8243; _module_preset=&#8221;default&#8221; global_colors_info=&#8221;{}&#8221;]<\/p>\n<p>The majority of patients recover well after surgery. However, pain is common after surgery and opioid medications may be prescribed for the relief of pain. A subset of patients may also experience persistent pain symptoms and may continue to use opioids for a prolonged period of time. In some patients, the prolonged use of opioids may lead to opioid use problems. It is important to better understand why some patients experience persistent pain and opioid use problems after surgery so that these problems can ultimately be prevented.<\/p>\n<p>The main objective of this study is to examine the factors that contribute to persistent pain and problematic opioid use after surgery. To do so, we will examine if certain molecular and psychosocial factors are associated with an increased risk of persistent pain and opioid use problems after surgery.\u202fExamining the extent to which molecular and psychological factors are associated with chronic pain and\/or problematic opioid use after surgery will help us develop targeted treatments for patients who undergo surgery and to ultimately prevent the occurrence of these problems.<\/p>\n<p>\u00a0For this study we are recruiting at the Hospital Maisonneuve Rosemont and at the Centre Hospitalier de l\u2019Universit\u00e9 de Montr\u00e9al individuals, men and women, aged 18 years or older who undergo specific surgeries.<\/p>\n<p>\u00a0This study has been reviewed and approved by the McGill University Health Center Research Ethics Board (REB) (protocol number: MP-37-2019-5363).<\/p>\n<p>[\/et_pb_text][\/et_pb_column][\/et_pb_row][et_pb_row _builder_version=&#8221;4.25.1&#8243; _module_preset=&#8221;default&#8221; global_colors_info=&#8221;{}&#8221;][et_pb_column type=&#8221;4_4&#8243; _builder_version=&#8221;4.25.1&#8243; _module_preset=&#8221;default&#8221; global_colors_info=&#8221;{}&#8221;][et_pb_text _builder_version=&#8221;4.27.4&#8243; _module_preset=&#8221;default&#8221; hover_enabled=&#8221;0&#8243; global_colors_info=&#8221;{}&#8221; sticky_enabled=&#8221;0&#8243;]<\/p>\n<h3><span data-contrast=\"none\" xml:lang=\"EN-CA\" lang=\"EN-CA\" class=\"TextRun SCXW41346628 BCX0\" style=\"color: #3366ff;\"><span class=\"NormalTextRun SCXW41346628 BCX0\">The fibromyalgia study<\/span><\/span><span data-contrast=\"none\" xml:lang=\"EN-CA\" lang=\"EN-CA\" class=\"TextRun SCXW41346628 BCX0\"><span class=\"NormalTextRun SCXW41346628 BCX0\"><\/span><\/span><\/h3>\n<p><span data-contrast=\"none\" xml:lang=\"EN-CA\" lang=\"EN-CA\" class=\"TextRun SCXW41346628 BCX0\"><span class=\"NormalTextRun SCXW41346628 BCX0\"><\/span><\/span><\/p>\n<p>[\/et_pb_text][et_pb_text _builder_version=&#8221;4.25.1&#8243; _module_preset=&#8221;default&#8221; global_colors_info=&#8221;{}&#8221;]<\/p>\n<p>he purpose of this study is to better understand the causes of fibromyalgia (FM), which is a chronic disorder that is generally characterized by pain that is felt all over various parts of the body. Usually, fibromyalgia is treated by both pharmacological (medicines) and non pharmacological (therapy, exercises, etc.) treatments, while emphasizing that patients themselves play the most important role in their own care by acting to reduce stress, sleep well, and exercise.<\/p>\n<p>There are two specific goals of this study: (1) To identify which genetic, molecular, and immune factions increase the risk of developing FM, and (2) to verify if the level of inflammatory response is different in patients with FM than in members of the &#8220;health control group&#8221;.\u202fThis is a case-control study meaning that we are recruiting individuals who have been diagnosed with FM (case), or who are classified as &#8220;healthy control&#8221;.\u202f<\/p>\n<p>This study has been reviewed and approved by the Research Ethics and Compliance (IRB) committee of the Faculty of Medicine of McGill University (protocol number: NUMBER: A05-M50-14B).<\/p>\n<p>&nbsp;<\/p>\n<p>[\/et_pb_text][\/et_pb_column][\/et_pb_row][et_pb_row _builder_version=&#8221;4.27.4&#8243; _module_preset=&#8221;default&#8221;][et_pb_column _builder_version=&#8221;4.27.4&#8243; _module_preset=&#8221;default&#8221; type=&#8221;4_4&#8243;][et_pb_text _builder_version=&#8221;4.27.4&#8243; _module_preset=&#8221;default&#8221; hover_enabled=&#8221;0&#8243; sticky_enabled=&#8221;0&#8243;]<\/p>\n<h3><span style=\"color: #3366ff;\">The Role of Activated Serum in Preventing and Resolving Long-Lasting Pain<\/span><\/h3>\n<p>[\/et_pb_text][et_pb_text _builder_version=&#8221;4.27.4&#8243; _module_preset=&#8221;default&#8221; hover_enabled=&#8221;0&#8243; sticky_enabled=&#8221;0&#8243;]<\/p>\n<ul>\n<li>Chronic pain is a long-lasting pain that affects about one out of five people around the world. Unlike pain that happens when you get hurt, which goes away as you heal, chronic pain sticks around for a long time, and sometimes we don\u2019t even know why. Right now, doctors mostly use medicine to help with chronic pain, but these medicines don\u2019t always work well and can have side effects. That\u2019s why we need new treatments that come from natural sources.<\/li>\n<li>One such treatment is called autologous conditioned serum (ACS). This involves using a clear liquid from your blood (called serum) that is taken from your own body. ACS is used in Europe and the US to treat joint pain, muscle problems, and spine issues. However, we don\u2019t fully understand why it works.<\/li>\n<\/ul>\n<p>This study aims to find out if ACS can help with chronic pain and why it might work. We are recruiting participants who have been diagnosed with chronic low back pain, with fibromyalgia and with TMD or who are classified as \u201chealthy controls\u201d.<br \/>This study has been reviewed and approved by the Research Ethics and Compliance (IRB) committee of the Faculty of Faculty of Medicine and Health Sciences of McGill University (protocol number: A08-M44-24A).<\/p>\n<p>[\/et_pb_text][\/et_pb_column][\/et_pb_row][\/et_pb_section]<\/p>\n","protected":false},"excerpt":{"rendered":"<p>Are you ready to participate in one of our studies? &nbsp; If you are 18 years of age or older, click here\u00a0to access the contact form. Or scan the adjacent QR code on a phone or tablet. \u00cates-vous pr\u00eat \u00e0 participer \u00e0 l\u2019une de nos \u00e9tudes ? Si vous avez 18 ans et plus, veuillez [&hellip;]<\/p>\n","protected":false},"author":2,"featured_media":0,"parent":0,"menu_order":0,"comment_status":"closed","ping_status":"closed","template":"","meta":{"_et_pb_use_builder":"on","_et_pb_old_content":"","_et_gb_content_width":"","_monsterinsights_skip_tracking":false,"_monsterinsights_sitenote_active":false,"_monsterinsights_sitenote_note":"","_monsterinsights_sitenote_category":0,"footnotes":"","_links_to":"","_links_to_target":""},"class_list":["post-540","page","type-page","status-publish","hentry"],"_links":{"self":[{"href":"https:\/\/206-12-96-229.cloud.computecanada.ca\/index.php?rest_route=\/wp\/v2\/pages\/540","targetHints":{"allow":["GET"]}}],"collection":[{"href":"https:\/\/206-12-96-229.cloud.computecanada.ca\/index.php?rest_route=\/wp\/v2\/pages"}],"about":[{"href":"https:\/\/206-12-96-229.cloud.computecanada.ca\/index.php?rest_route=\/wp\/v2\/types\/page"}],"author":[{"embeddable":true,"href":"https:\/\/206-12-96-229.cloud.computecanada.ca\/index.php?rest_route=\/wp\/v2\/users\/2"}],"replies":[{"embeddable":true,"href":"https:\/\/206-12-96-229.cloud.computecanada.ca\/index.php?rest_route=%2Fwp%2Fv2%2Fcomments&post=540"}],"version-history":[{"count":35,"href":"https:\/\/206-12-96-229.cloud.computecanada.ca\/index.php?rest_route=\/wp\/v2\/pages\/540\/revisions"}],"predecessor-version":[{"id":1748,"href":"https:\/\/206-12-96-229.cloud.computecanada.ca\/index.php?rest_route=\/wp\/v2\/pages\/540\/revisions\/1748"}],"wp:attachment":[{"href":"https:\/\/206-12-96-229.cloud.computecanada.ca\/index.php?rest_route=%2Fwp%2Fv2%2Fmedia&parent=540"}],"curies":[{"name":"wp","href":"https:\/\/api.w.org\/{rel}","templated":true}]}}